{"id":7,"date":"2018-03-25T11:55:54","date_gmt":"2018-03-25T09:55:54","guid":{"rendered":"http:\/\/serwer1826829.home.pl\/?page_id=7"},"modified":"2020-11-24T22:00:05","modified_gmt":"2020-11-24T21:00:05","slug":"strona-glowna","status":"publish","type":"page","link":"https:\/\/www.reklamywwindach.zgora.pl\/index.php\/strona-glowna\/","title":{"rendered":"Strona G\u0142owna"},"content":{"rendered":"<p><strong>REKLAMY W WINDACH \u2013 CO TO TAKIEGO?<\/strong><\/p>\n<p><strong>Reklamy w windach<\/strong>&nbsp;to innowacyjne podej\u015bcie do reklamy, stanowi\u0105ce alternatyw\u0119 dla tradycyjnej ulotki.<\/p>\n<p>Nasze tablice reklamowe zamieszczone w ka\u017cdej windzie przyci\u0105gaj\u0105 wzrok, ka\u017cde spojrzenie mo\u017ce by\u0107 spojrzeniem potencjalnego klienta dla Pa\u0144stwa firmy. Zwi\u0119ksza si\u0119 tak\u017ce jej rozpoznawalno\u015b\u0107 w \u015brodowisku, bior\u0105c pod uwag\u0119 r\u00f3\u017cne profesje, zainteresowania i zapotrzebowania os\u00f3b podr\u00f3\u017cuj\u0105cych wind\u0105 &#8211; kr\u0105g odbiorc\u00f3w powi\u0119ksza si\u0119 ka\u017cdego dnia!<\/p>\n","protected":false},"excerpt":{"rendered":"<p>REKLAMY W WINDACH \u2013 CO TO TAKIEGO? Reklamy w windach&nbsp;to innowacyjne podej\u015bcie do reklamy, stanowi\u0105ce alternatyw\u0119 dla tradycyjnej ulotki. Nasze tablice reklamowe zamieszczone w ka\u017cdej windzie przyci\u0105gaj\u0105 wzrok, ka\u017cde spojrzenie mo\u017ce by\u0107 spojrzeniem potencjalnego klienta dla Pa\u0144stwa firmy. Zwi\u0119ksza si\u0119 tak\u017ce jej rozpoznawalno\u015b\u0107 w \u015brodowisku, bior\u0105c pod uwag\u0119 r\u00f3\u017cne profesje, zainteresowania i zapotrzebowania os\u00f3b podr\u00f3\u017cuj\u0105cych [&hellip;]<\/p>\n","protected":false},"author":1,"featured_media":0,"parent":0,"menu_order":0,"comment_status":"closed","ping_status":"closed","template":"","meta":{"footnotes":""},"class_list":["post-7","page","type-page","status-publish","czr-hentry"],"_links":{"self":[{"href":"https:\/\/www.reklamywwindach.zgora.pl\/index.php\/wp-json\/wp\/v2\/pages\/7","targetHints":{"allow":["GET"]}}],"collection":[{"href":"https:\/\/www.reklamywwindach.zgora.pl\/index.php\/wp-json\/wp\/v2\/pages"}],"about":[{"href":"https:\/\/www.reklamywwindach.zgora.pl\/index.php\/wp-json\/wp\/v2\/types\/page"}],"author":[{"embeddable":true,"href":"https:\/\/www.reklamywwindach.zgora.pl\/index.php\/wp-json\/wp\/v2\/users\/1"}],"replies":[{"embeddable":true,"href":"https:\/\/www.reklamywwindach.zgora.pl\/index.php\/wp-json\/wp\/v2\/comments?post=7"}],"version-history":[{"count":10,"href":"https:\/\/www.reklamywwindach.zgora.pl\/index.php\/wp-json\/wp\/v2\/pages\/7\/revisions"}],"predecessor-version":[{"id":320,"href":"https:\/\/www.reklamywwindach.zgora.pl\/index.php\/wp-json\/wp\/v2\/pages\/7\/revisions\/320"}],"wp:attachment":[{"href":"https:\/\/www.reklamywwindach.zgora.pl\/index.php\/wp-json\/wp\/v2\/media?parent=7"}],"curies":[{"name":"wp","href":"https:\/\/api.w.org\/{rel}","templated":true}]}}