{"id":9,"date":"2018-03-25T11:56:24","date_gmt":"2018-03-25T09:56:24","guid":{"rendered":"http:\/\/serwer1826829.home.pl\/?page_id=9"},"modified":"2023-07-02T22:01:26","modified_gmt":"2023-07-02T20:01:26","slug":"lokalizacje","status":"publish","type":"page","link":"https:\/\/www.reklamywwindach.zgora.pl\/index.php\/lokalizacje\/","title":{"rendered":"Lokalizacje"},"content":{"rendered":"\n\n\n<iframe loading=\"lazy\" src=\"https:\/\/www.google.com\/maps\/d\/embed?mid=1o75cbwBrhGQyiGe7WvW6e01L4nxi9ZM&#038;ehbc=2E312F\" width=\"640\" height=\"480\"><\/iframe>\n\n\n<h1>Lokalizacje<\/h1>\n<p><strong><em>Budziszy\u0144ska <\/em><\/strong>2, 4, 6, 8, 20, 22, 24, 26, 28, 30<\/p>\n<p><strong><em>Francuska <\/em><\/strong>&nbsp;,4 ,6, 8<\/p>\n<p><strong><em>Krajlewska <\/em><\/strong>2, 4, 6, 7A, 7B, 8, 22, 24,<\/p>\n<p><strong><em>W\u0119gierska <\/em><\/strong>1, 3, 5, 7, 13, 16, 17, 18<\/p>\n<p><strong><em>\u015awi\u0119tego Cyryla i Metodego <\/em><\/strong>3, 5, 7<\/p>\n<p><strong><em>Stefana Wyszy\u0144skiego <\/em><\/strong>6,<\/p>\n<p><strong><em>1 Maja <\/em><\/strong>9, 13, 19a<\/p>\n<p><strong><em>Leopolda Okulickiego <\/em><\/strong>&nbsp;29, 31, 33<\/p>\n<p><strong><em>Owocowa <\/em><\/strong>1, 3<\/p>\n<p><strong><em>Powsta\u0144c\u00f3w Warszawy<\/em><\/strong>&nbsp; 14, 16<\/p>\n<p><strong><em>Stefana Wyszy\u0144skiego <\/em><\/strong>21,<\/p>\n<p><strong><em>Chmielna <\/em><\/strong>28,30,32,34,36,38<\/p>\n<p><strong><em>Boles\u0142awa Krzywoustego <\/em><\/strong>24, 26, 28, 30<\/p>\n<p><strong><em>Osiedlowa <\/em><\/strong>14, 17, 28,<\/p>\n<p><strong><em>Piaskowa &nbsp;<\/em><\/strong>9, 11, 13, 15,<\/p>\n<p><strong><em>Podg\u00f3rna <\/em><\/strong>&nbsp;31a, 31b, 37ab,<\/p>\n<p><strong><em>Skrajna <\/em><\/strong>&nbsp;1, 3, 5, 7<\/p>\n<p><strong><em>Marii Sk\u0142odowskiej-Curie<\/em><\/strong> 3, 5, <u>9<\/u>, 11,<\/p>\n<p><strong><em>W\u0142adys\u0142awa IV <\/em><\/strong>&nbsp;12,14,20<\/p>\n<p><strong><em>Kro\u015bnie\u0144ska &nbsp;<\/em><\/strong>17, 17a, 19, 19a, 21, 21a,<\/p>\n<p><strong><em>Objazdowa <\/em><\/strong>15, 17, 19,<\/p>\n<p><b><em>Rydza \u015amig\u0142ego <\/em><\/b>62, 66, 68,<\/p>\n<p><b><em>Aleja Wojska Polskiego <\/em><\/b>80, 82, 84, 84C<\/p>\n<p><b><em>Lisia <\/em><\/b>39, 49, 51, 53, 55, 57, 59<\/p>\n<p><i><b>O\u015b. Pomorskie&nbsp; &nbsp;&nbsp;<\/b>2A, 2B, 2C, 2D, 2E<\/i><\/p>","protected":false},"excerpt":{"rendered":"<p>Lokalizacje Budziszy\u0144ska 2, 4, 6, 8, 20, 22, 24, 26, 28, 30 Francuska &nbsp;,4 ,6, 8 Krajlewska 2, 4, 6, 7A, 7B, 8, 22, 24, W\u0119gierska 1, 3, 5, 7, 13, 16, 17, 18 \u015awi\u0119tego Cyryla i Metodego 3, 5, 7 Stefana Wyszy\u0144skiego 6, 1 Maja 9, 13, 19a Leopolda Okulickiego &nbsp;29, 31, 33 Owocowa [&hellip;]<\/p>\n","protected":false},"author":1,"featured_media":77,"parent":0,"menu_order":0,"comment_status":"closed","ping_status":"closed","template":"","meta":{"footnotes":""},"class_list":["post-9","page","type-page","status-publish","has-post-thumbnail","czr-hentry"],"_links":{"self":[{"href":"https:\/\/www.reklamywwindach.zgora.pl\/index.php\/wp-json\/wp\/v2\/pages\/9","targetHints":{"allow":["GET"]}}],"collection":[{"href":"https:\/\/www.reklamywwindach.zgora.pl\/index.php\/wp-json\/wp\/v2\/pages"}],"about":[{"href":"https:\/\/www.reklamywwindach.zgora.pl\/index.php\/wp-json\/wp\/v2\/types\/page"}],"author":[{"embeddable":true,"href":"https:\/\/www.reklamywwindach.zgora.pl\/index.php\/wp-json\/wp\/v2\/users\/1"}],"replies":[{"embeddable":true,"href":"https:\/\/www.reklamywwindach.zgora.pl\/index.php\/wp-json\/wp\/v2\/comments?post=9"}],"version-history":[{"count":23,"href":"https:\/\/www.reklamywwindach.zgora.pl\/index.php\/wp-json\/wp\/v2\/pages\/9\/revisions"}],"predecessor-version":[{"id":598,"href":"https:\/\/www.reklamywwindach.zgora.pl\/index.php\/wp-json\/wp\/v2\/pages\/9\/revisions\/598"}],"wp:featuredmedia":[{"embeddable":true,"href":"https:\/\/www.reklamywwindach.zgora.pl\/index.php\/wp-json\/wp\/v2\/media\/77"}],"wp:attachment":[{"href":"https:\/\/www.reklamywwindach.zgora.pl\/index.php\/wp-json\/wp\/v2\/media?parent=9"}],"curies":[{"name":"wp","href":"https:\/\/api.w.org\/{rel}","templated":true}]}}